{"id":2,"date":"2024-01-04T07:17:24","date_gmt":"2024-01-04T07:17:24","guid":{"rendered":"http:\/\/localhost\/wordpress\/?page_id=2"},"modified":"2024-11-28T14:06:26","modified_gmt":"2024-11-28T14:06:26","slug":"landing","status":"publish","type":"page","link":"https:\/\/www.progresusfs.cz\/","title":{"rendered":"LANDING"},"content":{"rendered":"\n[et_pb_section fb_built=&#8220;1&#8243; fullwidth=&#8220;on&#8220; admin_label=&#8220;Page Header Section&#8220; _builder_version=&#8220;4.21.0&#8243; _module_preset=&#8220;default&#8220; background_color=&#8220;#FFFFFF&#8220; custom_padding=&#8220;|||&#8220; collapsed=&#8220;off&#8220; global_colors_info=&#8220;{}&#8220;][et_pb_fullwidth_slider show_arrows=&#8220;off&#8220; show_pagination=&#8220;off&#8220; _builder_version=&#8220;4.23.4&#8243; _module_preset=&#8220;default&#8220; header_level=&#8220;h1&#8243; header_line_height=&#8220;1.1em&#8220; body_font=&#8220;Pangram-Regular||||||||&#8220; body_text_color=&#8220;#f9f9f9&#8243; body_font_size=&#8220;3em&#8220; body_line_height=&#8220;1.1em&#8220; custom_button=&#8220;on&#8220; button_text_color=&#8220;#212121&#8243; button_bg_color=&#8220;#3CE4B4&#8243; button_border_color=&#8220;#3CE4B4&#8243; content_width=&#8220;100%&#8220; content_max_width=&#8220;1280px&#8220; min_height=&#8220;60vh&#8220; min_height_tablet=&#8220;60vh&#8220; min_height_phone=&#8220;70vh&#8220; min_height_last_edited=&#8220;on|phone&#8220; auto=&#8220;on&#8220; auto_speed=&#8220;5000&#8243; auto_ignore_hover=&#8220;on&#8220; global_colors_info=&#8220;{}&#8220; button_bg_color__hover_enabled=&#8220;on|hover&#8220; button_bg_color__hover=&#8220;&#8220; button_bg_enable_color__hover=&#8220;off&#8220; button_text_color__hover_enabled=&#8220;on|hover&#8220; button_text_color__hover=&#8220;#3CE4B4&#8243; button_border_color__hover_enabled=&#8220;on|hover&#8220; button_border_color__hover=&#8220;#8AEFD2&#8243;][et_pb_slide heading=&#8220;Investi\u010dn\u00ed zprost\u0159edkovatel&#8220; button_link=&#8220;#stats&#8220; use_bg_overlay=&#8220;on&#8220; _builder_version=&#8220;4.23.4&#8243; _module_preset=&#8220;default&#8220; header_level=&#8220;h1&#8243; header_font=&#8220;PangramBold|700|||||||&#8220; header_text_color=&#8220;#FFFFFF&#8220; body_font=&#8220;||||||||&#8220; body_font_size=&#8220;3em&#8220; background_color=&#8220;RGBA(255,255,255,0)&#8220; background_enable_color=&#8220;on&#8220; background_image=&#8220;http:\/\/www.progresusfs.cz\/wp-content\/uploads\/2024\/01\/GARBE_Kl\u2020Aterec-nad-Ohz\u00b0.jpg&#8220; background_enable_image=&#8220;on&#8220; background_position=&#8220;bottom_center&#8220; width=&#8220;100%&#8220; max_width=&#8220;100%&#8220; header_font_size_tablet=&#8220;&#8220; header_font_size_phone=&#8220;16px&#8220; header_font_size_last_edited=&#8220;on|phone&#8220; global_colors_info=&#8220;{}&#8220; custom_css_slide_title_last_edited=&#8220;on|phone&#8220; custom_css_slide_title_phone=&#8220;font-size:16px !important&#8220; sticky_transition=&#8220;on&#8220;]<div id=\"arrow-down\" style=\"margin-top: 1em;\"><a href=\"#investice\"><img loading=\"lazy\" decoding=\"async\" src=\"https:\/\/www.progresusinvest.cz\/wp-content\/uploads\/arrow.svg\" width=\"33\" height=\"33\" alt=\"\" class=\"wp-image-52396 aligncenter size-medium\" \/><\/a><\/div>[\/et_pb_slide][\/et_pb_fullwidth_slider][\/et_pb_section][et_pb_section fb_built=&#8220;1&#8243; custom_padding_last_edited=&#8220;on|phone&#8220; admin_label=&#8220;Section&#8220; module_id=&#8220;investice&#8220; _builder_version=&#8220;4.21.0&#8243; _module_preset=&#8220;default&#8220; background_enable_color=&#8220;off&#8220; use_background_color_gradient=&#8220;on&#8220; background_color_gradient_direction=&#8220;45deg&#8220; background_color_gradient_stops=&#8220;rgba(20,226,168,0.14) 1%|rgba(249,249,249,0) 99%&#8220; background_color_gradient_overlays_image=&#8220;on&#8220; background_enable_image=&#8220;off&#8220; parallax=&#8220;on&#8220; custom_padding=&#8220;7em||7em||true|false&#8220; custom_padding_tablet=&#8220;7em||7em||true|false&#8220; custom_padding_phone=&#8220;5em||5.5em||false|false&#8220; global_colors_info=&#8220;{}&#8220;][et_pb_row _builder_version=&#8220;4.23.4&#8243; _module_preset=&#8220;default&#8220; custom_padding=&#8220;0px||||false|false&#8220; global_colors_info=&#8220;{}&#8220;][et_pb_column type=&#8220;4_4&#8243; _builder_version=&#8220;4.23.4&#8243; _module_preset=&#8220;default&#8220; global_colors_info=&#8220;{}&#8220;][et_pb_text _builder_version=&#8220;4.23.4&#8243; _module_preset=&#8220;default&#8220; header_font=&#8220;PangramBold|700|||||||&#8220; custom_padding=&#8220;||3em||false|false&#8220; global_colors_info=&#8220;{}&#8220;]<h1 style=\"text-align: center;\">Z\u00e1konn\u00e9 informace<\/h1>[\/et_pb_text][\/et_pb_column][\/et_pb_row][et_pb_row column_structure=&#8220;1_2,1_2&#8243; _builder_version=&#8220;4.21.0&#8243; _module_preset=&#8220;565e6daf-d492-4c1f-bc89-4dc70c7b2298&#8243; custom_margin=&#8220;||||false|false&#8220; custom_padding=&#8220;0px||0px||false|false&#8220; global_colors_info=&#8220;{}&#8220;][et_pb_column type=&#8220;1_2&#8243; _builder_version=&#8220;4.21.0&#8243; _module_preset=&#8220;default&#8220; background_color=&#8220;RGBA(255,255,255,0)&#8220; background_enable_image=&#8220;off&#8220; custom_padding=&#8220;0px|0px|0px|0px|false|false&#8220; global_colors_info=&#8220;{}&#8220;][et_pb_text _builder_version=&#8220;4.23.4&#8243; _module_preset=&#8220;default&#8220; text_font=&#8220;Pangram Regular||||||||&#8220; text_text_color=&#8220;#000000&#8243; text_font_size=&#8220;16px&#8220; link_text_color=&#8220;#000000&#8243; custom_margin=&#8220;||1em||false|false&#8220; custom_padding=&#8220;||0px||false|false&#8220; hover_enabled=&#8220;0&#8243; global_colors_info=&#8220;{}&#8220; sticky_enabled=&#8220;0&#8243;]<p class=\"p1\">\u010cesk\u00e1 n\u00e1rodn\u00ed banka<span class=\"Apple-converted-space\">\u00a0 <\/span>jako spr\u00e1vn\u00ed org\u00e1n pro oblast kapit\u00e1lov\u00e9ho trhu podle z\u00e1kona \u010d. 6\/1993 Sb., o \u010cesk\u00e9 n\u00e1rodn\u00ed bance, ve zn\u011bn\u00ed pozd\u011bj\u0161\u00edch p\u0159edpis\u016f a z\u00e1kona \u010d. 15\/1998 Sb., o dohledu v oblasti kapit\u00e1lov\u00e9ho trhu a o zm\u011bn\u011b a dopln\u011bn\u00ed dal\u0161\u00edch z\u00e1kon\u016f, ve zn\u011bn\u00ed pozd\u011bj\u0161\u00edch p\u0159edpis\u016f a org\u00e1n dohledu podle z\u00e1kona \u010d. 256\/2004 Sb., o podnik\u00e1n\u00ed na kapit\u00e1lov\u00e9m trhu, ve zn\u011bn\u00ed pozd\u011bj\u0161\u00edch p\u0159edpis\u016f, vydala spole\u010dnosti PROGRESUS Financial Services s.r.o., I\u010cO 07741057 (\u201eInvesti\u010dn\u00ed zprost\u0159edkovatel\u201c), osv\u011bd\u010den\u00ed o registraci investi\u010dn\u00edho zprost\u0159edkovatele.<\/p>\n<p class=\"p1\">Platnost tohoto osv\u011bd\u010den\u00ed je mo\u017en\u00e9 ov\u011b\u0159it v seznamech \u010cesk\u00e9 n\u00e1rodn\u00ed banky dostupn\u00fdch na adrese:<\/p>\n<p class=\"p1\"><span style=\"text-decoration: underline;\"><span class=\"s1\"><a href=\"https:\/\/www.cnb.cz\/cs\/dohled-financni-trh\/seznamy\/jerrs\">https:\/\/www.cnb.cz\/cs\/dohled-financni-trh\/seznamy\/jerrs<\/a><a href=\"https:\/\/www.cnb.cz\/cs\/dohled-financni-trh\/seznamy\/jerrs\"><\/a><\/span><\/span><\/p>\n<p class=\"p1\"><span class=\"s1\">Informace uveden\u00e9 na t\u011bchto str\u00e1nk\u00e1ch nejsou investi\u010dn\u00edm doporu\u010den\u00edm dle na\u0159\u00edzen\u00ed Evropsk\u00e9ho parlamentu a Rady (EU) \u010d. 596\/2014, o zneu\u017e\u00edv\u00e1n\u00ed trhu, ani nep\u0159edstavuj\u00ed investi\u010dn\u00ed poradenstv\u00ed dle z\u00e1kona \u010d. 256\/2004 Sb., o podnik\u00e1n\u00ed na kapit\u00e1lov\u00e9m trhu, ve zn\u011bn\u00ed pozd\u011bj\u0161\u00edch p\u0159edpis\u016f.Informace zde uveden\u00e9 nemohou b\u00fdt pova\u017eov\u00e1ny za nab\u00eddku k n\u00e1kupu \u010di prodeji jak\u00e9hokoliv investi\u010dn\u00edho n\u00e1stroje, nebo jinou v\u00fdzvu \u010di pob\u00eddku k jeho n\u00e1kupu \u010di prodeji. Investi\u010dn\u00ed zprost\u0159edkovatel neposkytuje pr\u00e1vn\u00ed ani da\u0148ov\u00e9 poradenstv\u00ed.<\/span><\/p>[\/et_pb_text][\/et_pb_column][et_pb_column type=&#8220;1_2&#8243; _builder_version=&#8220;4.21.0&#8243; _module_preset=&#8220;default&#8220; background_color=&#8220;RGBA(255,255,255,0)&#8220; custom_padding=&#8220;0px|0px|0px|0px|false|false&#8220; global_colors_info=&#8220;{}&#8220;][et_pb_text _builder_version=&#8220;4.23.4&#8243; _module_preset=&#8220;default&#8220; text_font=&#8220;Pangram Regular||||||||&#8220; text_text_color=&#8220;#000000&#8243; text_font_size=&#8220;15px&#8220; text_letter_spacing=&#8220;0.03em&#8220; text_line_height=&#8220;1.4em&#8220; custom_margin=&#8220;||1em||false|false&#8220; custom_padding=&#8220;||0px||false|false&#8220; global_colors_info=&#8220;{}&#8220;]<p class=\"p2\">P\u0159ed vyu\u017eit\u00edm slu\u017eeb Investi\u010dn\u00edho zprost\u0159edkovatele by se klient m\u011bl s\u00e1m obr\u00e1tit na pr\u00e1vn\u00edho a da\u0148ov\u00e9ho poradce. Investi\u010dn\u00ed zprost\u0159edkovatel nep\u0159eb\u00edr\u00e1 nad r\u00e1mec stanoven\u00fd pr\u00e1vn\u00edmi p\u0159edpisy odpov\u011bdnost za \u0161kodu zp\u016fsobenou pou\u017eit\u00edm informac\u00ed na t\u00e9to str\u00e1nce. Klient by se m\u011bl p\u0159ed vyu\u017eit\u00edm slu\u017eeb Investi\u010dn\u00edho zprost\u0159edkovatele sezn\u00e1mit se v\u0161emi souvisej\u00edc\u00edmi investi\u010dn\u00edmi riziky, zejm\u00e9na s rizikem zm\u011bny ceny investi\u010dn\u00edho n\u00e1stroje.<br \/><span class=\"s2\"><\/span><\/p>\n<p class=\"p2\">V p\u0159\u00edpad\u011b za\u0159azen\u00ed nov\u00e9ho produktu do nab\u00eddky Investi\u010dn\u00edho zprost\u0159edkovatel\u00e9, nezji\u0161\u0165uje Investi\u010dn\u00ed zprost\u0159edkovatel parametry udr\u017eitelnosti p\u0159\u00edslu\u0161n\u00fdch investi\u010dn\u00edch n\u00e1stroj\u016f a nevyhodnot\u00ed, zda a jak\u00fdm zp\u016fsobem produkt tento parametr udr\u017eitelnosti spl\u0148uje \u010di nikoli a nesleduje, zda investi\u010dn\u00ed n\u00e1stroj spl\u0148uje ur\u010den\u00e9 pot\u0159eby, charakteristiky a c\u00edle c\u00edlov\u00e9ho trhu z pohledu faktor\u016f udr\u017eitelnosti a zda p\u0159\u00edpadn\u00e9 faktory udr\u017eitelnosti tohoto investi\u010dn\u00edho n\u00e1stroje odpov\u00eddaj\u00ed c\u00edlov\u00e9mu trhu, nebo\u0165 v sou\u010dasnosti Investi\u010dn\u00ed zprost\u0159edkovatel nesleduje c\u00edle udr\u017eitelnosti investic ve smyslu na\u0159\u00edzen\u00ed Evropsk\u00e9ho parlamentu a Rady (EU) 2019\/2088 ze dne 27. listopadu 2019 o zve\u0159ej\u0148ov\u00e1n\u00ed informac\u00ed souvisej\u00edc\u00edch s udr\u017eitelnost\u00ed v odv\u011btv\u00ed finan\u010dn\u00edch slu\u017eeb, ani se c\u00edlen\u011b nezam\u011b\u0159uje na nab\u00edzen\u00ed investi\u010dn\u00edch n\u00e1stroj\u016f sleduj\u00edc\u00edch udr\u017eitelnost a zp\u016fsob poskytov\u00e1n\u00ed sv\u00fdch slu\u017eeb, kter\u00e9 zohled\u0148uj\u00ed udr\u017eitelnost.<\/p>\n<p class=\"p2\"><\/p>\n<p class=\"p2\"><\/p>\n<p class=\"p2\"><\/p>[\/et_pb_text][\/et_pb_column][\/et_pb_row][\/et_pb_section][et_pb_section fb_built=&#8220;1&#8243; custom_padding_last_edited=&#8220;on|phone&#8220; admin_label=&#8220;Services Section&#8220; module_id=&#8220;kontakt&#8220; _builder_version=&#8220;4.23.4&#8243; _module_preset=&#8220;default&#8220; background_color=&#8220;#212121&#8243; parallax=&#8220;on&#8220; custom_margin=&#8220;0px||||false|false&#8220; custom_padding=&#8220;7em||2em||false|false&#8220; custom_padding_tablet=&#8220;7em||7em||true|false&#8220; custom_padding_phone=&#8220;4em||1em||false|false&#8220; saved_tabs=&#8220;all&#8220; locked=&#8220;off&#8220; collapsed=&#8220;off&#8220; global_colors_info=&#8220;{}&#8220;][et_pb_row _builder_version=&#8220;4.23.4&#8243; _module_preset=&#8220;565e6daf-d492-4c1f-bc89-4dc70c7b2298&#8243; custom_margin=&#8220;||0px||false|false&#8220; custom_padding=&#8220;0px||1.5em||false|false&#8220; global_colors_info=&#8220;{}&#8220;][et_pb_column type=&#8220;4_4&#8243; _builder_version=&#8220;4.16&#8243; _module_preset=&#8220;default&#8220; global_colors_info=&#8220;{}&#8220;][et_pb_text _builder_version=&#8220;4.23.4&#8243; _module_preset=&#8220;default&#8220; text_font=&#8220;Pangram Regular||||||||&#8220; text_text_color=&#8220;#FFFFFF&#8220; text_font_size=&#8220;16px&#8220; text_line_height=&#8220;1.35em&#8220; link_font=&#8220;|700|||||||&#8220; link_font_size=&#8220;30px&#8220; header_3_font=&#8220;PangramBold|700|||||||&#8220; header_3_text_color=&#8220;#FFFFFF&#8220; header_3_font_size=&#8220;18px&#8220; link_font_size_tablet=&#8220;30px&#8220; link_font_size_phone=&#8220;20px&#8220; link_font_size_last_edited=&#8220;on|phone&#8220; global_colors_info=&#8220;{}&#8220;]<h3>PROGRESUS Financial Services s.r.o.<\/h3>\n<p>I\u010c: 07741057<\/p>[\/et_pb_text][\/et_pb_column][\/et_pb_row][et_pb_row _builder_version=&#8220;4.21.0&#8243; _module_preset=&#8220;565e6daf-d492-4c1f-bc89-4dc70c7b2298&#8243; custom_padding=&#8220;0em||2em||false|false&#8220; global_colors_info=&#8220;{}&#8220;][et_pb_column type=&#8220;4_4&#8243; _builder_version=&#8220;4.16&#8243; _module_preset=&#8220;default&#8220; global_colors_info=&#8220;{}&#8220;][et_pb_text _builder_version=&#8220;4.23.4&#8243; _module_preset=&#8220;default&#8220; text_font=&#8220;Pangram Regular||||||||&#8220; text_text_color=&#8220;#FFFFFF&#8220; text_font_size=&#8220;16px&#8220; text_line_height=&#8220;1.35em&#8220; link_font=&#8220;|700|||||||&#8220; link_font_size=&#8220;30px&#8220; header_3_font=&#8220;PangramBold|700|||||||&#8220; header_3_text_color=&#8220;#FFFFFF&#8220; header_3_font_size=&#8220;18px&#8220; link_font_size_tablet=&#8220;30px&#8220; link_font_size_phone=&#8220;20px&#8220; link_font_size_last_edited=&#8220;on|phone&#8220; global_colors_info=&#8220;{}&#8220;]<p><span style=\"color: #ffffff;\">U Sluncov\u00e9 666\/12a<br \/>186 00 Praha 8<\/span><\/p>\n<div><\/div>[\/et_pb_text][et_pb_text _builder_version=&#8220;4.23.4&#8243; _module_preset=&#8220;default&#8220; text_text_color=&#8220;#FFFFFF&#8220; text_font_size=&#8220;18px&#8220; link_font=&#8220;Pangram Regular||||||||&#8220; link_text_color=&#8220;#FFFFFF&#8220; link_font_size=&#8220;18px&#8220; link_font_size_tablet=&#8220;30px&#8220; link_font_size_phone=&#8220;22px&#8220; link_font_size_last_edited=&#8220;on|phone&#8220; global_colors_info=&#8220;{}&#8220;]<p><a href=\"mailto:investice@progresusfs.cz\"><span>info@progresusfs.cz<\/span><\/a><\/p>[\/et_pb_text][\/et_pb_column][\/et_pb_row][et_pb_row _builder_version=&#8220;4.23.4&#8243; _module_preset=&#8220;default&#8220; custom_padding=&#8220;0px||||false|false&#8220; global_colors_info=&#8220;{}&#8220;][et_pb_column type=&#8220;4_4&#8243; _builder_version=&#8220;4.23.4&#8243; _module_preset=&#8220;default&#8220; global_colors_info=&#8220;{}&#8220;][et_pb_text _builder_version=&#8220;4.23.4&#8243; _module_preset=&#8220;default&#8220; link_font=&#8220;Pangram Regular||||on||||&#8220; link_text_color=&#8220;#FFFFFF&#8220; global_colors_info=&#8220;{}&#8220;]<p><span style=\"text-decoration: underline;\"><a href=\"http:\/\/www.progresusfs.cz\/wp-content\/uploads\/2024\/01\/231214_Prohlaseni-o-zpracovani-osobnych-udaju_Progresus-Financial-Services.pdf\" target=\"_blank\" rel=\"noopener\">Informace o zpracov\u00e1n\u00ed osobn\u00edch \u00fadaj\u016f<\/a><\/span> \u00a0\u00a0\u00a0 <span style=\"text-decoration: underline;\"><a href=\"http:\/\/www.progresusfs.cz\/wp-content\/uploads\/2024\/01\/231214_Whistelblowing_web-Progresus-Financial-Services.pdf\" target=\"_blank\" rel=\"noopener\">Whistleblowing<\/a><\/span><\/p>[\/et_pb_text][\/et_pb_column][\/et_pb_row][\/et_pb_section]\n","protected":false},"excerpt":{"rendered":"<p>Z\u00e1konn\u00e9 informace\u010cesk\u00e1 n\u00e1rodn\u00ed banka\u00a0 jako spr\u00e1vn\u00ed org\u00e1n pro oblast kapit\u00e1lov\u00e9ho trhu podle z\u00e1kona \u010d. 6\/1993 Sb., o \u010cesk\u00e9 n\u00e1rodn\u00ed bance, ve zn\u011bn\u00ed pozd\u011bj\u0161\u00edch p\u0159edpis\u016f a z\u00e1kona \u010d. 15\/1998 Sb., o dohledu v oblasti kapit\u00e1lov\u00e9ho trhu a o zm\u011bn\u011b a dopln\u011bn\u00ed dal\u0161\u00edch z\u00e1kon\u016f, ve zn\u011bn\u00ed pozd\u011bj\u0161\u00edch p\u0159edpis\u016f a org\u00e1n dohledu podle z\u00e1kona \u010d. 256\/2004 Sb., o [&hellip;]<\/p>\n","protected":false},"author":2,"featured_media":0,"parent":0,"menu_order":0,"comment_status":"closed","ping_status":"closed","template":"","meta":{"_et_pb_use_builder":"on","_et_pb_old_content":"<!-- wp:paragraph -->\n<p>This is an example page. It's different from a blog post because it will stay in one place and will show up in your site navigation (in most themes). Most people start with an About page that introduces them to potential site visitors. It might say something like this:<\/p>\n<!-- \/wp:paragraph -->\n\n<!-- wp:quote -->\n<blockquote class=\"wp-block-quote\"><p>Hi there! I'm a bike messenger by day, aspiring actor by night, and this is my website. I live in Los Angeles, have a great dog named Jack, and I like pi&#241;a coladas. (And gettin' caught in the rain.)<\/p><\/blockquote>\n<!-- \/wp:quote -->\n\n<!-- wp:paragraph -->\n<p>...or something like this:<\/p>\n<!-- \/wp:paragraph -->\n\n<!-- wp:quote -->\n<blockquote class=\"wp-block-quote\"><p>The XYZ Doohickey Company was founded in 1971, and has been providing quality doohickeys to the public ever since. Located in Gotham City, XYZ employs over 2,000 people and does all kinds of awesome things for the Gotham community.<\/p><\/blockquote>\n<!-- \/wp:quote -->\n\n<!-- wp:paragraph -->\n<p>As a new WordPress user, you should go to <a href=\"http:\/\/localhost\/wordpress\/wp-admin\/\">your dashboard<\/a> to delete this page and create new pages for your content. Have fun!<\/p>\n<!-- \/wp:paragraph -->","_et_gb_content_width":"","inline_featured_image":false,"footnotes":""},"class_list":["post-2","page","type-page","status-publish","hentry"],"aioseo_notices":[],"_links":{"self":[{"href":"https:\/\/www.progresusfs.cz\/index.php?rest_route=\/wp\/v2\/pages\/2","targetHints":{"allow":["GET"]}}],"collection":[{"href":"https:\/\/www.progresusfs.cz\/index.php?rest_route=\/wp\/v2\/pages"}],"about":[{"href":"https:\/\/www.progresusfs.cz\/index.php?rest_route=\/wp\/v2\/types\/page"}],"author":[{"embeddable":true,"href":"https:\/\/www.progresusfs.cz\/index.php?rest_route=\/wp\/v2\/users\/2"}],"replies":[{"embeddable":true,"href":"https:\/\/www.progresusfs.cz\/index.php?rest_route=%2Fwp%2Fv2%2Fcomments&post=2"}],"version-history":[{"count":28,"href":"https:\/\/www.progresusfs.cz\/index.php?rest_route=\/wp\/v2\/pages\/2\/revisions"}],"predecessor-version":[{"id":120,"href":"https:\/\/www.progresusfs.cz\/index.php?rest_route=\/wp\/v2\/pages\/2\/revisions\/120"}],"wp:attachment":[{"href":"https:\/\/www.progresusfs.cz\/index.php?rest_route=%2Fwp%2Fv2%2Fmedia&parent=2"}],"curies":[{"name":"wp","href":"https:\/\/api.w.org\/{rel}","templated":true}]}}